{"id":49,"date":"2026-03-22T12:56:37","date_gmt":"2026-03-22T11:56:37","guid":{"rendered":"https:\/\/marcopiesold.de\/?page_id=49"},"modified":"2026-03-22T19:46:08","modified_gmt":"2026-03-22T18:46:08","slug":"home","status":"publish","type":"page","link":"https:\/\/marcopiesold.de\/","title":{"rendered":"Home"},"content":{"rendered":"\n<h3 class=\"wp-block-heading\">INDIVIDUELLES COACHING.<br>IN HAMBURG. UND ONLINE.<\/h3>\n\n\n\n<p><\/p>\n\n\n\n<p><\/p>\n\n\n\n<h5 class=\"wp-block-heading\"><strong>Marco Piesold | Systemischer Coach und Trainer<\/strong><\/h5>\n\n\n\n<p>Sie suchen Unterst\u00fctzung in Ihrer beruflichen oder pers\u00f6nlichen Entwicklung, bei der Bew\u00e4ltigung von Herausforderungen oder brauchen einfach nur einen neuen Ansto\u00df f\u00fcr Ihre Ziele? Ich freue mich darauf, Sie kennenzulernen und lade Sie ein, gemeinsam mit mir, in einem sicheren und gesch\u00fctzten Rahmen, an Ihren Themen zu arbeiten.<\/p>\n\n\n\n<p>In einem unverbindlichen Erstgespr\u00e4ch habe ich die M\u00f6glichkeit, etwas \u00fcber Sie und Ihr Anliegen zu erfahren und Sie erhalten einen ersten Eindruck von mir als Coach.<\/p>\n\n\n\n<p><a href=\"https:\/\/marcopiesold.de\/?page_id=15\" data-type=\"link\" data-id=\"https:\/\/marcopiesold.de\/?page_id=15\">Kontakt herstellen<\/a><\/p>\n\n\n\n<p><a href=\"https:\/\/marcopiesold.de\/?page_id=13\">\u00dcber mich<\/a><\/p>\n\n\n\n<p><\/p>\n\n\n\n<h5 class=\"wp-block-heading\"><strong>Coaching<\/strong><\/h5>\n\n\n\n<p>Als systemischer Coach bin ich Ihr Prozessbegleiter. Mein Ziel ist es, Sie dabei zu unterst\u00fctzen, motiviert und zielorientiert ins Handeln zu kommen und so nachhaltige Ver\u00e4nderungen zu bewirken. Gemeinsam arbeiten wir daran, Klarheit \u00fcber Ihre W\u00fcnsche und Motive zu erlangen. Darauf aufbauend helfe ich Ihnen, spezifisch Ihre individuellen Ziele zu formulieren. Wir erkunden Ihre Ressourcen und schauen darauf, wie Sie gut mit Herausforderungen und Hindernisse umgehen k\u00f6nnen, die vielleicht auf dem Weg zu Ihrem Ziel im Wege stehen. N\u00e4heres erfahren Sie hier:<\/p>\n\n\n\n<p><\/p>\n\n\n\n<h5 class=\"wp-block-heading\">Training<\/h5>\n\n\n\n<p>Als Trainer konzipiere und leite ich f\u00fcr Sie Trainings zur Wissensvermittlung und zu Ver\u00e4nderung. Dabei stimme ich die Lernziele auf das Vorwissen und die Bed\u00fcrfnisse der Teilnehmer ab, schaffe eine unterst\u00fctzende Lernumgebung und setze Trainingsmethoden ein, die den individuellen Lernprozess der Teilnehmer optimal f\u00f6rdern. N\u00e4heres erfahren Sie hier:<\/p>\n","protected":false},"excerpt":{"rendered":"<p>INDIVIDUELLES COACHING.IN HAMBURG. UND ONLINE. Marco Piesold | Systemischer Coach und Trainer Sie suchen Unterst\u00fctzung in Ihrer beruflichen oder pers\u00f6nlichen Entwicklung, bei der Bew\u00e4ltigung von Herausforderungen oder brauchen einfach nur einen neuen Ansto\u00df f\u00fcr Ihre Ziele? Ich freue mich darauf, Sie kennenzulernen und lade Sie ein, gemeinsam mit mir, in einem sicheren und gesch\u00fctzten Rahmen, [&hellip;]<\/p>\n","protected":false},"author":1,"featured_media":0,"parent":0,"menu_order":0,"comment_status":"closed","ping_status":"closed","template":"","meta":{"_coblocks_attr":"","_coblocks_dimensions":"","_coblocks_responsive_height":"","_coblocks_accordion_ie_support":"","hide_page_title":"enabled","footnotes":""},"class_list":["post-49","page","type-page","status-publish","hentry"],"yoast_head":"<!-- This site is optimized with the Yoast SEO plugin v27.4 - https:\/\/yoast.com\/product\/yoast-seo-wordpress\/ -->\n<title>Home - Marco Piesold | Coaching<\/title>\n<meta name=\"robots\" content=\"index, follow, max-snippet:-1, max-image-preview:large, max-video-preview:-1\" \/>\n<link rel=\"canonical\" href=\"https:\/\/marcopiesold.de\/\" \/>\n<meta property=\"og:locale\" content=\"de_DE\" \/>\n<meta property=\"og:type\" content=\"article\" \/>\n<meta property=\"og:title\" content=\"Home - Marco Piesold | Coaching\" \/>\n<meta property=\"og:description\" content=\"INDIVIDUELLES COACHING.IN HAMBURG. UND ONLINE. Marco Piesold | Systemischer Coach und Trainer Sie suchen Unterst\u00fctzung in Ihrer beruflichen oder pers\u00f6nlichen Entwicklung, bei der Bew\u00e4ltigung von Herausforderungen oder brauchen einfach nur einen neuen Ansto\u00df f\u00fcr Ihre Ziele? Ich freue mich darauf, Sie kennenzulernen und lade Sie ein, gemeinsam mit mir, in einem sicheren und gesch\u00fctzten Rahmen, [&hellip;]\" \/>\n<meta property=\"og:url\" content=\"https:\/\/marcopiesold.de\/\" \/>\n<meta property=\"og:site_name\" content=\"Marco Piesold | Coaching\" \/>\n<meta property=\"article:modified_time\" content=\"2026-03-22T18:46:08+00:00\" \/>\n<meta name=\"twitter:card\" content=\"summary_large_image\" \/>\n<meta name=\"twitter:label1\" content=\"Gesch\u00e4tzte Lesezeit\" \/>\n\t<meta name=\"twitter:data1\" content=\"1\u00a0Minute\" \/>\n<script type=\"application\/ld+json\" class=\"yoast-schema-graph\">{\"@context\":\"https:\\\/\\\/schema.org\",\"@graph\":[{\"@type\":\"WebPage\",\"@id\":\"https:\\\/\\\/marcopiesold.de\\\/\",\"url\":\"https:\\\/\\\/marcopiesold.de\\\/\",\"name\":\"Home - Marco Piesold | Coaching\",\"isPartOf\":{\"@id\":\"https:\\\/\\\/marcopiesold.de\\\/#website\"},\"datePublished\":\"2026-03-22T11:56:37+00:00\",\"dateModified\":\"2026-03-22T18:46:08+00:00\",\"breadcrumb\":{\"@id\":\"https:\\\/\\\/marcopiesold.de\\\/#breadcrumb\"},\"inLanguage\":\"de\",\"potentialAction\":[{\"@type\":\"ReadAction\",\"target\":[\"https:\\\/\\\/marcopiesold.de\\\/\"]}]},{\"@type\":\"BreadcrumbList\",\"@id\":\"https:\\\/\\\/marcopiesold.de\\\/#breadcrumb\",\"itemListElement\":[{\"@type\":\"ListItem\",\"position\":1,\"name\":\"Start\",\"item\":\"https:\\\/\\\/marcopiesold.de\\\/\"},{\"@type\":\"ListItem\",\"position\":2,\"name\":\"Home\"}]},{\"@type\":\"WebSite\",\"@id\":\"https:\\\/\\\/marcopiesold.de\\\/#website\",\"url\":\"https:\\\/\\\/marcopiesold.de\\\/\",\"name\":\"Marco Piesold | Coaching\",\"description\":\"\",\"publisher\":{\"@id\":\"https:\\\/\\\/marcopiesold.de\\\/#organization\"},\"potentialAction\":[{\"@type\":\"SearchAction\",\"target\":{\"@type\":\"EntryPoint\",\"urlTemplate\":\"https:\\\/\\\/marcopiesold.de\\\/?s={search_term_string}\"},\"query-input\":{\"@type\":\"PropertyValueSpecification\",\"valueRequired\":true,\"valueName\":\"search_term_string\"}}],\"inLanguage\":\"de\"},{\"@type\":\"Organization\",\"@id\":\"https:\\\/\\\/marcopiesold.de\\\/#organization\",\"name\":\"Marco Piesold | Coaching\",\"url\":\"https:\\\/\\\/marcopiesold.de\\\/\",\"logo\":{\"@type\":\"ImageObject\",\"inLanguage\":\"de\",\"@id\":\"https:\\\/\\\/marcopiesold.de\\\/#\\\/schema\\\/logo\\\/image\\\/\",\"url\":\"https:\\\/\\\/marcopiesold.de\\\/wp-content\\\/uploads\\\/2026\\\/03\\\/cropped-MP-logo_transparent.png\",\"contentUrl\":\"https:\\\/\\\/marcopiesold.de\\\/wp-content\\\/uploads\\\/2026\\\/03\\\/cropped-MP-logo_transparent.png\",\"width\":512,\"height\":512,\"caption\":\"Marco Piesold | Coaching\"},\"image\":{\"@id\":\"https:\\\/\\\/marcopiesold.de\\\/#\\\/schema\\\/logo\\\/image\\\/\"}}]}<\/script>\n<!-- \/ Yoast SEO plugin. -->","yoast_head_json":{"title":"Home - Marco Piesold | Coaching","robots":{"index":"index","follow":"follow","max-snippet":"max-snippet:-1","max-image-preview":"max-image-preview:large","max-video-preview":"max-video-preview:-1"},"canonical":"https:\/\/marcopiesold.de\/","og_locale":"de_DE","og_type":"article","og_title":"Home - Marco Piesold | Coaching","og_description":"INDIVIDUELLES COACHING.IN HAMBURG. UND ONLINE. Marco Piesold | Systemischer Coach und Trainer Sie suchen Unterst\u00fctzung in Ihrer beruflichen oder pers\u00f6nlichen Entwicklung, bei der Bew\u00e4ltigung von Herausforderungen oder brauchen einfach nur einen neuen Ansto\u00df f\u00fcr Ihre Ziele? Ich freue mich darauf, Sie kennenzulernen und lade Sie ein, gemeinsam mit mir, in einem sicheren und gesch\u00fctzten Rahmen, [&hellip;]","og_url":"https:\/\/marcopiesold.de\/","og_site_name":"Marco Piesold | Coaching","article_modified_time":"2026-03-22T18:46:08+00:00","twitter_card":"summary_large_image","twitter_misc":{"Gesch\u00e4tzte Lesezeit":"1\u00a0Minute"},"schema":{"@context":"https:\/\/schema.org","@graph":[{"@type":"WebPage","@id":"https:\/\/marcopiesold.de\/","url":"https:\/\/marcopiesold.de\/","name":"Home - Marco Piesold | Coaching","isPartOf":{"@id":"https:\/\/marcopiesold.de\/#website"},"datePublished":"2026-03-22T11:56:37+00:00","dateModified":"2026-03-22T18:46:08+00:00","breadcrumb":{"@id":"https:\/\/marcopiesold.de\/#breadcrumb"},"inLanguage":"de","potentialAction":[{"@type":"ReadAction","target":["https:\/\/marcopiesold.de\/"]}]},{"@type":"BreadcrumbList","@id":"https:\/\/marcopiesold.de\/#breadcrumb","itemListElement":[{"@type":"ListItem","position":1,"name":"Start","item":"https:\/\/marcopiesold.de\/"},{"@type":"ListItem","position":2,"name":"Home"}]},{"@type":"WebSite","@id":"https:\/\/marcopiesold.de\/#website","url":"https:\/\/marcopiesold.de\/","name":"Marco Piesold | Coaching","description":"","publisher":{"@id":"https:\/\/marcopiesold.de\/#organization"},"potentialAction":[{"@type":"SearchAction","target":{"@type":"EntryPoint","urlTemplate":"https:\/\/marcopiesold.de\/?s={search_term_string}"},"query-input":{"@type":"PropertyValueSpecification","valueRequired":true,"valueName":"search_term_string"}}],"inLanguage":"de"},{"@type":"Organization","@id":"https:\/\/marcopiesold.de\/#organization","name":"Marco Piesold | Coaching","url":"https:\/\/marcopiesold.de\/","logo":{"@type":"ImageObject","inLanguage":"de","@id":"https:\/\/marcopiesold.de\/#\/schema\/logo\/image\/","url":"https:\/\/marcopiesold.de\/wp-content\/uploads\/2026\/03\/cropped-MP-logo_transparent.png","contentUrl":"https:\/\/marcopiesold.de\/wp-content\/uploads\/2026\/03\/cropped-MP-logo_transparent.png","width":512,"height":512,"caption":"Marco Piesold | Coaching"},"image":{"@id":"https:\/\/marcopiesold.de\/#\/schema\/logo\/image\/"}}]}},"_links":{"self":[{"href":"https:\/\/marcopiesold.de\/index.php?rest_route=\/wp\/v2\/pages\/49","targetHints":{"allow":["GET"]}}],"collection":[{"href":"https:\/\/marcopiesold.de\/index.php?rest_route=\/wp\/v2\/pages"}],"about":[{"href":"https:\/\/marcopiesold.de\/index.php?rest_route=\/wp\/v2\/types\/page"}],"author":[{"embeddable":true,"href":"https:\/\/marcopiesold.de\/index.php?rest_route=\/wp\/v2\/users\/1"}],"replies":[{"embeddable":true,"href":"https:\/\/marcopiesold.de\/index.php?rest_route=%2Fwp%2Fv2%2Fcomments&post=49"}],"version-history":[{"count":5,"href":"https:\/\/marcopiesold.de\/index.php?rest_route=\/wp\/v2\/pages\/49\/revisions"}],"predecessor-version":[{"id":73,"href":"https:\/\/marcopiesold.de\/index.php?rest_route=\/wp\/v2\/pages\/49\/revisions\/73"}],"wp:attachment":[{"href":"https:\/\/marcopiesold.de\/index.php?rest_route=%2Fwp%2Fv2%2Fmedia&parent=49"}],"curies":[{"name":"wp","href":"https:\/\/api.w.org\/{rel}","templated":true}]}}