{"id":33,"date":"2026-03-22T12:32:35","date_gmt":"2026-03-22T11:32:35","guid":{"rendered":"https:\/\/marcopiesold.de\/?page_id=33"},"modified":"2026-03-22T12:41:22","modified_gmt":"2026-03-22T11:41:22","slug":"impressum","status":"publish","type":"page","link":"https:\/\/marcopiesold.de\/?page_id=33","title":{"rendered":"Impressum"},"content":{"rendered":"\n<h6 class=\"wp-block-heading\"><strong>Inhaltlich verantwortlich f\u00fcr diese Website gem\u00e4\u00df \u00a75 TMG:<\/strong><\/h6>\n\n\n\n<p>Marco Piesold<\/p>\n\n\n\n<p>Forsmannstra\u00dfe 22<\/p>\n\n\n\n<p>22303 Hamburg<\/p>\n\n\n\n<p>Deutschland<\/p>\n\n\n\n<p><\/p>\n\n\n\n<h6 class=\"wp-block-heading\"><strong>Kontakt:<\/strong><\/h6>\n\n\n\n<p>Telefon: auf Anfrage<\/p>\n\n\n\n<p>E-Mail: mail[at]marcopiesold.de<\/p>\n\n\n\n<p><\/p>\n\n\n\n<h6 class=\"wp-block-heading\"><strong>USt-IdNr. gem\u00e4\u00df \u00a7 27a Umsatzsteuergesetz:<\/strong><\/h6>\n\n\n\n<p>DE456599400<\/p>\n\n\n\n<p><\/p>\n\n\n\n<h6 class=\"wp-block-heading\"><strong>Verantwortlich f\u00fcr den Inhalt nach \u00a7 55 Abs. 2 RStV:<\/strong><\/h6>\n\n\n\n<p>Marco Piesold<\/p>\n\n\n\n<p><\/p>\n\n\n\n<h6 class=\"wp-block-heading\"><strong>Quellenangabe Bilder:<\/strong><\/h6>\n\n\n\n<p>\u201cTraining\u201d \u00a9 Marco Piesold<\/p>\n\n\n\n<p>\u201cPortrait\u201d \u00a9 Marco Piesold<\/p>\n\n\n\n<p>\u201cGr\u00fcne Pflanze\u201d \u00a9 Noah Buscher\/Unsplash<\/p>\n\n\n\n<p><\/p>\n\n\n\n<h6 class=\"wp-block-heading\"><strong>Haftungsausschluss und Urheberrecht:<\/strong><\/h6>\n\n\n\n<p>Ich bem\u00fche mich, die Inhalte auf dieser Website aktuell zu halten. Dennoch \u00fcbernehme ich keinerlei Gew\u00e4hr f\u00fcr die Aktualit\u00e4t, Korrektheit, Vollst\u00e4ndigkeit oder Qualit\u00e4t der bereitgestellten Informationen. Die durch mich erstellten Inhalte und Werke auf dieser Website unterliegen dem deutschen Urheberrecht. Die Vervielf\u00e4ltigung, Bearbeitung, Verbreitung und jede Art der Verwertung au\u00dferhalb der Grenzen des Urheberrechts bed\u00fcrfen meiner ausdr\u00fccklichen schriftlichen Zustimmung. Dieses Angebot enth\u00e4lt Verkn\u00fcpfungen zu Webseiten Dritter (sog. \u201eexterne Links\u201c), auf deren Inhalte ich keinen Einfluss habe. F\u00fcr die Inhalte der verlinkten Seiten ist stets der jeweilige Anbieter oder Betreiber der Seiten verantwortlich. Deshalb kann ich f\u00fcr diese fremden Inhalte und deren Richtigkeit auch keine Haftung \u00fcbernehmen. Zum Zeitpunkt der Verlinkung waren keine rechtswidrigen Inhalte erkennbar. Bei Bekanntwerden von Rechtsverletzungen werde ich derartige Links umgehend entfernen.<\/p>\n\n\n\n<p><\/p>\n\n\n\n<h6 class=\"wp-block-heading\"><strong>Aufsichtsbeh\u00f6rde<\/strong><\/h6>\n\n\n\n<p>Die Europ\u00e4ische Kommission stellt eine Plattform zur Online-Streitbeilegung (OS) bereit:&nbsp;<a href=\"https:\/\/ec.europa.eu\/consumers\/odr\/\">https:\/\/ec.europa.eu\/consumers\/odr\/<\/a>. Meine E-Mail-Adresse finden Sie oben im Impressum.<\/p>\n\n\n\n<p><\/p>\n\n\n\n<h6 class=\"wp-block-heading\"><strong>Verbraucher\u00adstreit\u00adbeilegung \/ Universalschlichtungsstelle<\/strong><\/h6>\n\n\n\n<p>Ich bin nicht bereit oder verpflichtet, an Streitbeilegungsverfahren vor einer Verbraucherschlichtungsstelle teilzunehmen.<\/p>\n\n\n\n<p><\/p>\n\n\n\n<p>Copyright <strong>\u00a9<\/strong> 2026 Marco Piesold Coaching<\/p>\n\n\n\n<p><\/p>\n","protected":false},"excerpt":{"rendered":"<p>Inhaltlich verantwortlich f\u00fcr diese Website gem\u00e4\u00df \u00a75 TMG: Marco Piesold Forsmannstra\u00dfe 22 22303 Hamburg Deutschland Kontakt: Telefon: auf Anfrage E-Mail: mail[at]marcopiesold.de USt-IdNr. gem\u00e4\u00df \u00a7 27a Umsatzsteuergesetz: DE456599400 Verantwortlich f\u00fcr den Inhalt nach \u00a7 55 Abs. 2 RStV: Marco Piesold Quellenangabe Bilder: \u201cTraining\u201d \u00a9 Marco Piesold \u201cPortrait\u201d \u00a9 Marco Piesold \u201cGr\u00fcne Pflanze\u201d \u00a9 Noah Buscher\/Unsplash Haftungsausschluss [&hellip;]<\/p>\n","protected":false},"author":1,"featured_media":0,"parent":0,"menu_order":0,"comment_status":"closed","ping_status":"closed","template":"","meta":{"_coblocks_attr":"","_coblocks_dimensions":"","_coblocks_responsive_height":"","_coblocks_accordion_ie_support":"","hide_page_title":"","footnotes":""},"class_list":["post-33","page","type-page","status-publish","hentry"],"yoast_head":"<!-- This site is optimized with the Yoast SEO plugin v27.4 - https:\/\/yoast.com\/product\/yoast-seo-wordpress\/ -->\n<title>Impressum - Marco Piesold | Coaching<\/title>\n<meta name=\"robots\" content=\"index, follow, max-snippet:-1, max-image-preview:large, max-video-preview:-1\" \/>\n<link rel=\"canonical\" href=\"https:\/\/marcopiesold.de\/?page_id=33\" \/>\n<meta property=\"og:locale\" content=\"de_DE\" \/>\n<meta property=\"og:type\" content=\"article\" \/>\n<meta property=\"og:title\" content=\"Impressum - Marco Piesold | Coaching\" \/>\n<meta property=\"og:description\" content=\"Inhaltlich verantwortlich f\u00fcr diese Website gem\u00e4\u00df \u00a75 TMG: Marco Piesold Forsmannstra\u00dfe 22 22303 Hamburg Deutschland Kontakt: Telefon: auf Anfrage E-Mail: mail[at]marcopiesold.de USt-IdNr. gem\u00e4\u00df \u00a7 27a Umsatzsteuergesetz: DE456599400 Verantwortlich f\u00fcr den Inhalt nach \u00a7 55 Abs. 2 RStV: Marco Piesold Quellenangabe Bilder: \u201cTraining\u201d \u00a9 Marco Piesold \u201cPortrait\u201d \u00a9 Marco Piesold \u201cGr\u00fcne Pflanze\u201d \u00a9 Noah Buscher\/Unsplash Haftungsausschluss [&hellip;]\" \/>\n<meta property=\"og:url\" content=\"https:\/\/marcopiesold.de\/?page_id=33\" \/>\n<meta property=\"og:site_name\" content=\"Marco Piesold | Coaching\" \/>\n<meta property=\"article:modified_time\" content=\"2026-03-22T11:41:22+00:00\" \/>\n<meta name=\"twitter:card\" content=\"summary_large_image\" \/>\n<meta name=\"twitter:label1\" content=\"Gesch\u00e4tzte Lesezeit\" \/>\n\t<meta name=\"twitter:data1\" content=\"1\u00a0Minute\" \/>\n<script type=\"application\/ld+json\" class=\"yoast-schema-graph\">{\"@context\":\"https:\\\/\\\/schema.org\",\"@graph\":[{\"@type\":\"WebPage\",\"@id\":\"https:\\\/\\\/marcopiesold.de\\\/?page_id=33\",\"url\":\"https:\\\/\\\/marcopiesold.de\\\/?page_id=33\",\"name\":\"Impressum - Marco Piesold | Coaching\",\"isPartOf\":{\"@id\":\"https:\\\/\\\/marcopiesold.de\\\/#website\"},\"datePublished\":\"2026-03-22T11:32:35+00:00\",\"dateModified\":\"2026-03-22T11:41:22+00:00\",\"breadcrumb\":{\"@id\":\"https:\\\/\\\/marcopiesold.de\\\/?page_id=33#breadcrumb\"},\"inLanguage\":\"de\",\"potentialAction\":[{\"@type\":\"ReadAction\",\"target\":[\"https:\\\/\\\/marcopiesold.de\\\/?page_id=33\"]}]},{\"@type\":\"BreadcrumbList\",\"@id\":\"https:\\\/\\\/marcopiesold.de\\\/?page_id=33#breadcrumb\",\"itemListElement\":[{\"@type\":\"ListItem\",\"position\":1,\"name\":\"Start\",\"item\":\"https:\\\/\\\/marcopiesold.de\\\/\"},{\"@type\":\"ListItem\",\"position\":2,\"name\":\"Impressum\"}]},{\"@type\":\"WebSite\",\"@id\":\"https:\\\/\\\/marcopiesold.de\\\/#website\",\"url\":\"https:\\\/\\\/marcopiesold.de\\\/\",\"name\":\"Marco Piesold | Coaching\",\"description\":\"\",\"publisher\":{\"@id\":\"https:\\\/\\\/marcopiesold.de\\\/#organization\"},\"potentialAction\":[{\"@type\":\"SearchAction\",\"target\":{\"@type\":\"EntryPoint\",\"urlTemplate\":\"https:\\\/\\\/marcopiesold.de\\\/?s={search_term_string}\"},\"query-input\":{\"@type\":\"PropertyValueSpecification\",\"valueRequired\":true,\"valueName\":\"search_term_string\"}}],\"inLanguage\":\"de\"},{\"@type\":\"Organization\",\"@id\":\"https:\\\/\\\/marcopiesold.de\\\/#organization\",\"name\":\"Marco Piesold | Coaching\",\"url\":\"https:\\\/\\\/marcopiesold.de\\\/\",\"logo\":{\"@type\":\"ImageObject\",\"inLanguage\":\"de\",\"@id\":\"https:\\\/\\\/marcopiesold.de\\\/#\\\/schema\\\/logo\\\/image\\\/\",\"url\":\"https:\\\/\\\/marcopiesold.de\\\/wp-content\\\/uploads\\\/2026\\\/03\\\/cropped-MP-logo_transparent.png\",\"contentUrl\":\"https:\\\/\\\/marcopiesold.de\\\/wp-content\\\/uploads\\\/2026\\\/03\\\/cropped-MP-logo_transparent.png\",\"width\":512,\"height\":512,\"caption\":\"Marco Piesold | Coaching\"},\"image\":{\"@id\":\"https:\\\/\\\/marcopiesold.de\\\/#\\\/schema\\\/logo\\\/image\\\/\"}}]}<\/script>\n<!-- \/ Yoast SEO plugin. -->","yoast_head_json":{"title":"Impressum - Marco Piesold | Coaching","robots":{"index":"index","follow":"follow","max-snippet":"max-snippet:-1","max-image-preview":"max-image-preview:large","max-video-preview":"max-video-preview:-1"},"canonical":"https:\/\/marcopiesold.de\/?page_id=33","og_locale":"de_DE","og_type":"article","og_title":"Impressum - Marco Piesold | Coaching","og_description":"Inhaltlich verantwortlich f\u00fcr diese Website gem\u00e4\u00df \u00a75 TMG: Marco Piesold Forsmannstra\u00dfe 22 22303 Hamburg Deutschland Kontakt: Telefon: auf Anfrage E-Mail: mail[at]marcopiesold.de USt-IdNr. gem\u00e4\u00df \u00a7 27a Umsatzsteuergesetz: DE456599400 Verantwortlich f\u00fcr den Inhalt nach \u00a7 55 Abs. 2 RStV: Marco Piesold Quellenangabe Bilder: \u201cTraining\u201d \u00a9 Marco Piesold \u201cPortrait\u201d \u00a9 Marco Piesold \u201cGr\u00fcne Pflanze\u201d \u00a9 Noah Buscher\/Unsplash Haftungsausschluss [&hellip;]","og_url":"https:\/\/marcopiesold.de\/?page_id=33","og_site_name":"Marco Piesold | Coaching","article_modified_time":"2026-03-22T11:41:22+00:00","twitter_card":"summary_large_image","twitter_misc":{"Gesch\u00e4tzte Lesezeit":"1\u00a0Minute"},"schema":{"@context":"https:\/\/schema.org","@graph":[{"@type":"WebPage","@id":"https:\/\/marcopiesold.de\/?page_id=33","url":"https:\/\/marcopiesold.de\/?page_id=33","name":"Impressum - Marco Piesold | Coaching","isPartOf":{"@id":"https:\/\/marcopiesold.de\/#website"},"datePublished":"2026-03-22T11:32:35+00:00","dateModified":"2026-03-22T11:41:22+00:00","breadcrumb":{"@id":"https:\/\/marcopiesold.de\/?page_id=33#breadcrumb"},"inLanguage":"de","potentialAction":[{"@type":"ReadAction","target":["https:\/\/marcopiesold.de\/?page_id=33"]}]},{"@type":"BreadcrumbList","@id":"https:\/\/marcopiesold.de\/?page_id=33#breadcrumb","itemListElement":[{"@type":"ListItem","position":1,"name":"Start","item":"https:\/\/marcopiesold.de\/"},{"@type":"ListItem","position":2,"name":"Impressum"}]},{"@type":"WebSite","@id":"https:\/\/marcopiesold.de\/#website","url":"https:\/\/marcopiesold.de\/","name":"Marco Piesold | Coaching","description":"","publisher":{"@id":"https:\/\/marcopiesold.de\/#organization"},"potentialAction":[{"@type":"SearchAction","target":{"@type":"EntryPoint","urlTemplate":"https:\/\/marcopiesold.de\/?s={search_term_string}"},"query-input":{"@type":"PropertyValueSpecification","valueRequired":true,"valueName":"search_term_string"}}],"inLanguage":"de"},{"@type":"Organization","@id":"https:\/\/marcopiesold.de\/#organization","name":"Marco Piesold | Coaching","url":"https:\/\/marcopiesold.de\/","logo":{"@type":"ImageObject","inLanguage":"de","@id":"https:\/\/marcopiesold.de\/#\/schema\/logo\/image\/","url":"https:\/\/marcopiesold.de\/wp-content\/uploads\/2026\/03\/cropped-MP-logo_transparent.png","contentUrl":"https:\/\/marcopiesold.de\/wp-content\/uploads\/2026\/03\/cropped-MP-logo_transparent.png","width":512,"height":512,"caption":"Marco Piesold | Coaching"},"image":{"@id":"https:\/\/marcopiesold.de\/#\/schema\/logo\/image\/"}}]}},"_links":{"self":[{"href":"https:\/\/marcopiesold.de\/index.php?rest_route=\/wp\/v2\/pages\/33","targetHints":{"allow":["GET"]}}],"collection":[{"href":"https:\/\/marcopiesold.de\/index.php?rest_route=\/wp\/v2\/pages"}],"about":[{"href":"https:\/\/marcopiesold.de\/index.php?rest_route=\/wp\/v2\/types\/page"}],"author":[{"embeddable":true,"href":"https:\/\/marcopiesold.de\/index.php?rest_route=\/wp\/v2\/users\/1"}],"replies":[{"embeddable":true,"href":"https:\/\/marcopiesold.de\/index.php?rest_route=%2Fwp%2Fv2%2Fcomments&post=33"}],"version-history":[{"count":4,"href":"https:\/\/marcopiesold.de\/index.php?rest_route=\/wp\/v2\/pages\/33\/revisions"}],"predecessor-version":[{"id":44,"href":"https:\/\/marcopiesold.de\/index.php?rest_route=\/wp\/v2\/pages\/33\/revisions\/44"}],"wp:attachment":[{"href":"https:\/\/marcopiesold.de\/index.php?rest_route=%2Fwp%2Fv2%2Fmedia&parent=33"}],"curies":[{"name":"wp","href":"https:\/\/api.w.org\/{rel}","templated":true}]}}