{"id":14,"date":"2026-03-22T12:06:16","date_gmt":"2026-03-22T11:06:16","guid":{"rendered":"https:\/\/marcopiesold.de\/?page_id=14"},"modified":"2026-03-22T13:12:15","modified_gmt":"2026-03-22T12:12:15","slug":"so-coache-ich","status":"publish","type":"page","link":"https:\/\/marcopiesold.de\/?page_id=14","title":{"rendered":"So coache ich"},"content":{"rendered":"\n<h5 class=\"wp-block-heading\">Das erwartet Sie:<\/h5>\n\n\n\n<ol class=\"wp-block-list\">\n<li>Unverbindliches Erstgespr\u00e4ch:\n<ul class=\"wp-block-list\">\n<li>Erstes Kennenlernen: Sie erfahren etwas \u00fcber mich und ich \u00fcber Sie.<\/li>\n\n\n\n<li>Kl\u00e4rung : Was ist Coaching, was bedeutet es, systemisch zu coachen und was unterscheidet Coaching von Psychotherapie und Beratung?<\/li>\n\n\n\n<li>Verantwortung: Ich bin Experte f\u00fcr den Coaching-Prozess, Sie sind Experte f\u00fcr sich und Ihr pers\u00f6nliches Umfeld. Ich verantworte den Prozess, Sie das Ergebnis.<\/li>\n\n\n\n<li>Ich erhalte erste Informationen zu Ihrem Anliegen und erl\u00e4utere ein m\u00f6gliches Vorgehen.<\/li>\n<\/ul>\n<\/li>\n\n\n\n<li>Coaching-Auftrag: Wir verst\u00e4ndigen uns verbindlich auf den Coaching-Prozess, einigen uns \u00fcber mein Honorar und legen Ihre Coaching-Termine fest. Alles wird im Coaching-Vertrag festgehalten.<\/li>\n\n\n\n<li>Im Rahmen der Coaching-Sitzungen arbeiten wir gemeinsam an Ihren aktuellen Zielen. <strong>Eine Sitzung besteht im Allgemeinen aus f\u00fcnf Phasen:<\/strong><br><strong>Phase 1:\u00a0Ankommen und kennenlernen<\/strong><br>Wir plaudern, lernen uns kennen und erkunden Ihre &#8222;Landkarte&#8220;. Wir sprechen allgemein \u00fcber das Thema, das Sie in die Sitzung mitbringen.<br><strong>Phase 2: Das Ziel Deiner Coaching-Sitzung festlegen<\/strong><br>Ich unterst\u00fctze Sie dabei, Ihr Ziel f\u00fcr die Sitzung m\u00f6glichst spezifisch, attraktiv, wirksam und realistisch zu formulieren.<br><strong>Phase 3:\u00a0Eine Strategie entwickeln<\/strong><br>In dieser Phase wenden wir ressourcen- und l\u00f6sungsorientierte Coaching-Methoden an. Welche dies sein werden, h\u00e4ngt von Ihrem Ziel ab.<br><strong>Phase 4:\u00a0Bilanz ziehen<\/strong><br>Nun ziehen wir Bilanz: Hat das Coaching zu einer Ver\u00e4nderung gef\u00fchrt oder Ihnen neue Erkenntnisse gebracht? Sind Sie Ihrem Ziel oder der L\u00f6sung Ihres Problems n\u00e4hergekommen?<br><strong>Phase 5:\u00a0Ein Schritt in die Zukunft<\/strong><br>Zum Abschluss schauen wir gemeinsam auf den zur\u00fcckliegenden Coaching-Prozess und wenden den Blick in die Zukunft. Sie bestimmen, was Ihr n\u00e4chster Schritt sein wird, und wir vereinbaren, wenn es Ihr Wunsch ist, einen Folgetermin. Anschlie\u00dfend verabschieden wir uns voneinander.<\/li>\n<\/ol>\n","protected":false},"excerpt":{"rendered":"<p>Das erwartet Sie:<\/p>\n","protected":false},"author":1,"featured_media":0,"parent":0,"menu_order":0,"comment_status":"closed","ping_status":"closed","template":"","meta":{"_coblocks_attr":"","_coblocks_dimensions":"","_coblocks_responsive_height":"","_coblocks_accordion_ie_support":"","hide_page_title":"","footnotes":""},"class_list":["post-14","page","type-page","status-publish","hentry"],"yoast_head":"<!-- This site is optimized with the Yoast SEO plugin v27.4 - https:\/\/yoast.com\/product\/yoast-seo-wordpress\/ -->\n<title>So coache ich - Marco Piesold | Coaching<\/title>\n<meta name=\"robots\" content=\"index, follow, max-snippet:-1, max-image-preview:large, max-video-preview:-1\" \/>\n<link rel=\"canonical\" href=\"https:\/\/marcopiesold.de\/?page_id=14\" \/>\n<meta property=\"og:locale\" content=\"de_DE\" \/>\n<meta property=\"og:type\" content=\"article\" \/>\n<meta property=\"og:title\" content=\"So coache ich - Marco Piesold | Coaching\" \/>\n<meta property=\"og:description\" content=\"Das erwartet Sie:\" \/>\n<meta property=\"og:url\" content=\"https:\/\/marcopiesold.de\/?page_id=14\" \/>\n<meta property=\"og:site_name\" content=\"Marco Piesold | Coaching\" \/>\n<meta property=\"article:modified_time\" content=\"2026-03-22T12:12:15+00:00\" \/>\n<meta name=\"twitter:card\" content=\"summary_large_image\" \/>\n<meta name=\"twitter:label1\" content=\"Gesch\u00e4tzte Lesezeit\" \/>\n\t<meta name=\"twitter:data1\" content=\"1\u00a0Minute\" \/>\n<script type=\"application\/ld+json\" class=\"yoast-schema-graph\">{\"@context\":\"https:\\\/\\\/schema.org\",\"@graph\":[{\"@type\":\"WebPage\",\"@id\":\"https:\\\/\\\/marcopiesold.de\\\/?page_id=14\",\"url\":\"https:\\\/\\\/marcopiesold.de\\\/?page_id=14\",\"name\":\"So coache ich - Marco Piesold | Coaching\",\"isPartOf\":{\"@id\":\"https:\\\/\\\/marcopiesold.de\\\/#website\"},\"datePublished\":\"2026-03-22T11:06:16+00:00\",\"dateModified\":\"2026-03-22T12:12:15+00:00\",\"breadcrumb\":{\"@id\":\"https:\\\/\\\/marcopiesold.de\\\/?page_id=14#breadcrumb\"},\"inLanguage\":\"de\",\"potentialAction\":[{\"@type\":\"ReadAction\",\"target\":[\"https:\\\/\\\/marcopiesold.de\\\/?page_id=14\"]}]},{\"@type\":\"BreadcrumbList\",\"@id\":\"https:\\\/\\\/marcopiesold.de\\\/?page_id=14#breadcrumb\",\"itemListElement\":[{\"@type\":\"ListItem\",\"position\":1,\"name\":\"Start\",\"item\":\"https:\\\/\\\/marcopiesold.de\\\/\"},{\"@type\":\"ListItem\",\"position\":2,\"name\":\"So coache ich\"}]},{\"@type\":\"WebSite\",\"@id\":\"https:\\\/\\\/marcopiesold.de\\\/#website\",\"url\":\"https:\\\/\\\/marcopiesold.de\\\/\",\"name\":\"Marco Piesold | Coaching\",\"description\":\"\",\"publisher\":{\"@id\":\"https:\\\/\\\/marcopiesold.de\\\/#organization\"},\"potentialAction\":[{\"@type\":\"SearchAction\",\"target\":{\"@type\":\"EntryPoint\",\"urlTemplate\":\"https:\\\/\\\/marcopiesold.de\\\/?s={search_term_string}\"},\"query-input\":{\"@type\":\"PropertyValueSpecification\",\"valueRequired\":true,\"valueName\":\"search_term_string\"}}],\"inLanguage\":\"de\"},{\"@type\":\"Organization\",\"@id\":\"https:\\\/\\\/marcopiesold.de\\\/#organization\",\"name\":\"Marco Piesold | Coaching\",\"url\":\"https:\\\/\\\/marcopiesold.de\\\/\",\"logo\":{\"@type\":\"ImageObject\",\"inLanguage\":\"de\",\"@id\":\"https:\\\/\\\/marcopiesold.de\\\/#\\\/schema\\\/logo\\\/image\\\/\",\"url\":\"https:\\\/\\\/marcopiesold.de\\\/wp-content\\\/uploads\\\/2026\\\/03\\\/cropped-MP-logo_transparent.png\",\"contentUrl\":\"https:\\\/\\\/marcopiesold.de\\\/wp-content\\\/uploads\\\/2026\\\/03\\\/cropped-MP-logo_transparent.png\",\"width\":512,\"height\":512,\"caption\":\"Marco Piesold | Coaching\"},\"image\":{\"@id\":\"https:\\\/\\\/marcopiesold.de\\\/#\\\/schema\\\/logo\\\/image\\\/\"}}]}<\/script>\n<!-- \/ Yoast SEO plugin. -->","yoast_head_json":{"title":"So coache ich - Marco Piesold | Coaching","robots":{"index":"index","follow":"follow","max-snippet":"max-snippet:-1","max-image-preview":"max-image-preview:large","max-video-preview":"max-video-preview:-1"},"canonical":"https:\/\/marcopiesold.de\/?page_id=14","og_locale":"de_DE","og_type":"article","og_title":"So coache ich - Marco Piesold | Coaching","og_description":"Das erwartet Sie:","og_url":"https:\/\/marcopiesold.de\/?page_id=14","og_site_name":"Marco Piesold | Coaching","article_modified_time":"2026-03-22T12:12:15+00:00","twitter_card":"summary_large_image","twitter_misc":{"Gesch\u00e4tzte Lesezeit":"1\u00a0Minute"},"schema":{"@context":"https:\/\/schema.org","@graph":[{"@type":"WebPage","@id":"https:\/\/marcopiesold.de\/?page_id=14","url":"https:\/\/marcopiesold.de\/?page_id=14","name":"So coache ich - Marco Piesold | Coaching","isPartOf":{"@id":"https:\/\/marcopiesold.de\/#website"},"datePublished":"2026-03-22T11:06:16+00:00","dateModified":"2026-03-22T12:12:15+00:00","breadcrumb":{"@id":"https:\/\/marcopiesold.de\/?page_id=14#breadcrumb"},"inLanguage":"de","potentialAction":[{"@type":"ReadAction","target":["https:\/\/marcopiesold.de\/?page_id=14"]}]},{"@type":"BreadcrumbList","@id":"https:\/\/marcopiesold.de\/?page_id=14#breadcrumb","itemListElement":[{"@type":"ListItem","position":1,"name":"Start","item":"https:\/\/marcopiesold.de\/"},{"@type":"ListItem","position":2,"name":"So coache ich"}]},{"@type":"WebSite","@id":"https:\/\/marcopiesold.de\/#website","url":"https:\/\/marcopiesold.de\/","name":"Marco Piesold | Coaching","description":"","publisher":{"@id":"https:\/\/marcopiesold.de\/#organization"},"potentialAction":[{"@type":"SearchAction","target":{"@type":"EntryPoint","urlTemplate":"https:\/\/marcopiesold.de\/?s={search_term_string}"},"query-input":{"@type":"PropertyValueSpecification","valueRequired":true,"valueName":"search_term_string"}}],"inLanguage":"de"},{"@type":"Organization","@id":"https:\/\/marcopiesold.de\/#organization","name":"Marco Piesold | Coaching","url":"https:\/\/marcopiesold.de\/","logo":{"@type":"ImageObject","inLanguage":"de","@id":"https:\/\/marcopiesold.de\/#\/schema\/logo\/image\/","url":"https:\/\/marcopiesold.de\/wp-content\/uploads\/2026\/03\/cropped-MP-logo_transparent.png","contentUrl":"https:\/\/marcopiesold.de\/wp-content\/uploads\/2026\/03\/cropped-MP-logo_transparent.png","width":512,"height":512,"caption":"Marco Piesold | Coaching"},"image":{"@id":"https:\/\/marcopiesold.de\/#\/schema\/logo\/image\/"}}]}},"_links":{"self":[{"href":"https:\/\/marcopiesold.de\/index.php?rest_route=\/wp\/v2\/pages\/14","targetHints":{"allow":["GET"]}}],"collection":[{"href":"https:\/\/marcopiesold.de\/index.php?rest_route=\/wp\/v2\/pages"}],"about":[{"href":"https:\/\/marcopiesold.de\/index.php?rest_route=\/wp\/v2\/types\/page"}],"author":[{"embeddable":true,"href":"https:\/\/marcopiesold.de\/index.php?rest_route=\/wp\/v2\/users\/1"}],"replies":[{"embeddable":true,"href":"https:\/\/marcopiesold.de\/index.php?rest_route=%2Fwp%2Fv2%2Fcomments&post=14"}],"version-history":[{"count":3,"href":"https:\/\/marcopiesold.de\/index.php?rest_route=\/wp\/v2\/pages\/14\/revisions"}],"predecessor-version":[{"id":55,"href":"https:\/\/marcopiesold.de\/index.php?rest_route=\/wp\/v2\/pages\/14\/revisions\/55"}],"wp:attachment":[{"href":"https:\/\/marcopiesold.de\/index.php?rest_route=%2Fwp%2Fv2%2Fmedia&parent=14"}],"curies":[{"name":"wp","href":"https:\/\/api.w.org\/{rel}","templated":true}]}}